{"id":30,"date":"2023-02-28T13:54:43","date_gmt":"2023-02-28T12:54:43","guid":{"rendered":"http:\/\/loketrzyn.draco.org.pl\/?page_id=30"},"modified":"2025-09-01T19:10:48","modified_gmt":"2025-09-01T17:10:48","slug":"o-szkole","status":"publish","type":"page","link":"http:\/\/loketrzyn.pl\/index.php\/o-szkole\/","title":{"rendered":"Kontakt"},"content":{"rendered":"\r\n<h2 class=\"wp-block-heading\"><strong>II Prywatne Liceum Og\u00f3lnokszta\u0142c\u0105ce\u00a0w K\u0119trzynie<\/strong><\/h2>\r\n\r\n\r\n\r\n<p><strong>ul. A. Asnyka 8, 11-400 K\u0119trzyn<\/strong><\/p>\r\n<p><strong>\r\n\r\n<\/strong><\/p>\r\n<p><strong>tel 89 7510545<\/strong><\/p>\r\n<p><strong>\r\n\r\n<\/strong><\/p>\r\n<p><strong>mobile 601 666 778<\/strong><\/p>\r\n<p><strong>\r\n\r\n<\/strong><\/p>\r\n<p><strong>e-mail szkolny\u00a0:\u00a0 \u00a0 \u00a0<a href=\"mailto:sekretariat@prywgim.pl\">sekretariat@prywgim.pl<\/a><\/strong><\/p>\r\n<p><strong>\r\n\r\n<\/strong><\/p>\r\n<p>&nbsp;<\/p>\r\n<p><strong>\r\n\r\n<\/strong><\/p>\r\n<p><strong>\u00b7\u00a0\u00a0\u00a0\u00a0\u00a0\u00a0\u00a0\u00a0\u00a0Nadz\u00f3r pedagogiczny \u2013\u00a0<em>Kuratorium O\u015bwiaty w Olsztynie<\/em><\/strong><\/p>\r\n<p><strong>\r\n\r\n<\/strong><\/p>\r\n<p><strong>\u00b7\u00a0 \u00a0 \u00a0 \u00a0 \u00a0Wpis do ewidencji szk\u00f3\u0142 &#8211;\u00a0\u00a0<\/strong><\/p>\r\n<p><strong>\r\n\r\n<\/strong><\/p>\r\n<p><strong>\u00b7\u00a0\u00a0\u00a0\u00a0\u00a0\u00a0\u00a0\u00a0\u00a0Organ prowadz\u0105cy \u2013Fundacja Edukacji, Zdrowia i Sportu Vistula w\u00a0 Olsztynie<\/strong><\/p>\r\n<p><strong>\r\n\r\n<\/strong><\/p>\r\n<p><strong>\u00b7\u00a0\u00a0\u00a0\u00a0\u00a0\u00a0\u00a0\u00a0\u00a0Dyrektor \u2013 <em>mgr Marek W\u0142adyka<\/em><\/strong><\/p>\r\n<p><strong>\r\n\r\n<\/strong><\/p>\r\n<p>&nbsp;<\/p>\r\n<p><strong>\r\n\r\n<\/strong><\/p>\r\n<p><strong>Nr konta szko\u0142y:<\/strong><\/p>\r\n<p><strong>\r\n\r\n<\/strong><\/p>\r\n<p><strong>SANTANDER<\/strong><\/p>\r\n<p><strong>\r\n\r\n<\/strong><\/p>\r\n<p><strong>16 1500 1298 1212 9003 2668 0000<\/strong><\/p>\r\n","protected":false},"excerpt":{"rendered":"<p>II Prywatne Liceum Og\u00f3lnokszta\u0142c\u0105ce\u00a0w K\u0119trzynie ul. A. Asnyka 8, 11-400 K\u0119trzyn tel 89 7510545 mobile 601 666 778 e-mail szkolny\u00a0:\u00a0 \u00a0 \u00a0sekretariat@prywgim.pl &nbsp; \u00b7\u00a0\u00a0\u00a0\u00a0\u00a0\u00a0\u00a0\u00a0\u00a0Nadz\u00f3r pedagogiczny \u2013\u00a0Kuratorium O\u015bwiaty w Olsztynie \u00b7\u00a0 \u00a0 \u00a0 \u00a0 \u00a0Wpis do ewidencji szk\u00f3\u0142 &#8211;\u00a0\u00a0 \u00b7\u00a0\u00a0\u00a0\u00a0\u00a0\u00a0\u00a0\u00a0\u00a0Organ prowadz\u0105cy \u2013Fundacja Edukacji, Zdrowia i Sportu Vistula w\u00a0 Olsztynie \u00b7\u00a0\u00a0\u00a0\u00a0\u00a0\u00a0\u00a0\u00a0\u00a0Dyrektor \u2013 mgr Marek W\u0142adyka &nbsp; Nr&hellip;<\/p>\n","protected":false},"author":1,"featured_media":0,"parent":0,"menu_order":0,"comment_status":"closed","ping_status":"closed","template":"","meta":{"footnotes":""},"class_list":["post-30","page","type-page","status-publish","hentry"],"_links":{"self":[{"href":"http:\/\/loketrzyn.pl\/index.php\/wp-json\/wp\/v2\/pages\/30","targetHints":{"allow":["GET"]}}],"collection":[{"href":"http:\/\/loketrzyn.pl\/index.php\/wp-json\/wp\/v2\/pages"}],"about":[{"href":"http:\/\/loketrzyn.pl\/index.php\/wp-json\/wp\/v2\/types\/page"}],"author":[{"embeddable":true,"href":"http:\/\/loketrzyn.pl\/index.php\/wp-json\/wp\/v2\/users\/1"}],"replies":[{"embeddable":true,"href":"http:\/\/loketrzyn.pl\/index.php\/wp-json\/wp\/v2\/comments?post=30"}],"version-history":[{"count":9,"href":"http:\/\/loketrzyn.pl\/index.php\/wp-json\/wp\/v2\/pages\/30\/revisions"}],"predecessor-version":[{"id":756,"href":"http:\/\/loketrzyn.pl\/index.php\/wp-json\/wp\/v2\/pages\/30\/revisions\/756"}],"wp:attachment":[{"href":"http:\/\/loketrzyn.pl\/index.php\/wp-json\/wp\/v2\/media?parent=30"}],"curies":[{"name":"wp","href":"https:\/\/api.w.org\/{rel}","templated":true}]}}