{"id":35,"date":"2023-02-28T14:00:26","date_gmt":"2023-02-28T13:00:26","guid":{"rendered":"http:\/\/loketrzyn.draco.org.pl\/?page_id=35"},"modified":"2026-03-09T12:41:03","modified_gmt":"2026-03-09T11:41:03","slug":"oferta","status":"publish","type":"page","link":"http:\/\/loketrzyn.pl\/index.php\/oferta\/","title":{"rendered":"Oferta"},"content":{"rendered":"\r\n<p class=\"has-text-align-center has-vivid-cyan-blue-color has-text-color has-medium-font-size\" style=\"font-style: normal; font-weight: bold;\"><strong>NASZA SZKO\u0141A ZAPEWNIA:<\/strong><\/p>\r\n\r\n\r\n\r\n<ul class=\"wp-block-list\">\r\n<li>Skuteczn\u0105 opiek\u0119 wychowawcz\u0105 i dydaktyczn\u0105 oraz poczucie bezpiecze\u0144stwa<\/li>\r\n\r\n\r\n\r\n<li>Nauk\u0119 j\u0119z. angielskiego na poz. rozszerzonym<\/li>\r\n\r\n\r\n\r\n<li>Odr\u0119bne lekcje konwersacji z j\u0119zyka angielskiego \u2013 Mi\u0119dzyoddzia\u0142owy Klub Dyskusyjny<\/li>\r\n\r\n\r\n\r\n<li>Drugi j\u0119zyk obcy do wyboru (j.niemiecki, j.rosyjski, j.hiszpa\u0144ski)<\/li>\r\n\r\n\r\n\r\n<li>Indywidualne profilowanie ucznia \u2013 wyb\u00f3r rozszerze\u0144 wg. potrzeb edukacyjnych<br \/>i zainteresowa\u0144 po pierwszej klasie.<\/li>\r\n\r\n\r\n\r\n<li>Zwi\u0119kszon\u0105 liczb\u0119 godzin z przedmiot\u00f3w obowi\u0105zkowych i rozszerzonych<\/li>\r\n<\/ul>\r\n\r\n\r\n\r\n<ul class=\"wp-block-list\">\r\n<li>Przygotowanie do matury z przedmiot\u00f3w obowi\u0105zkowych w formie blokowej<\/li>\r\n\r\n\r\n\r\n<li>\u00a0Zaj\u0119cia laboratoryjne z chemii podczas innowacyjnego przedmiotu \u2013 analiza<br \/>chemiczna<\/li>\r\n\r\n\r\n\r\n<li>\u00a0Mo\u017cliwo\u015b\u0107 wzi\u0119cia udzia\u0142u w og\u00f3lnopolskim programie MATura + powt\u00f3rek online z<br \/>matematyki \u2013 kursie przygotowuj\u0105cym do matury<\/li>\r\n\r\n\r\n\r\n<li>Wyniki matur du\u017co wy\u017csze ni\u017c \u015brednia w wojew\u00f3dztwie i w kraju<\/li>\r\n\r\n\r\n\r\n<li>Wyjazdy edukacyjne i integracyjne<\/li>\r\n\r\n\r\n\r\n<li>Mo\u017cliwo\u015b\u0107 realizacji pasji artystycznych \u2013 zaj\u0119cia teatralne pozalekcyjne<\/li>\r\n\r\n\r\n\r\n<li>Udzia\u0142 w wolontariacie<\/li>\r\n\r\n\r\n\r\n<li>Integracja uczni\u00f3w z nauczycielami podczas imprez szkolnych<\/li>\r\n\r\n\r\n\r\n<li>Ka\u017cdego m\u0142odego cz\u0142owieka traktujemy indywidualnie dzi\u0119ki pracy w ma\u0142ych zespo\u0142ach klasowych<\/li>\r\n\r\n\r\n\r\n<li>Stawiamy na dialog i wsp\u00f3lne poszukiwanie rozwi\u0105za\u0144<\/li>\r\n\r\n\r\n\r\n<li>Jeste\u015bmy otwarci na wsp\u00f3\u0142prac\u0119 z rodzicami<\/li>\r\n<li>Udzia\u0142 szko\u0142y w programie ERASMUS<\/li>\r\n<li>Warsztaty z kompetencji mi\u0119kkich &#8211; 2 bezp\u0142atne<\/li>\r\n<li>Kurs przygotowawczy do egzaminu z j. angielskiego poziom Advanced (egzamin pa\u0144stwowy) dodatkowo p\u0142atny<\/li>\r\n<li>Potwierdzenie kompetencji ECDL<\/li>\r\n<\/ul>\r\n\r\n\r\n\r\n<ul class=\"wp-block-list\" style=\"font-size: 17px;\">\r\n<li>Uczniowie wypo\u017cyczaj\u0105 bezp\u0142atnie podr\u0119czniki na poziomie podstawowym.<\/li>\r\n\r\n\r\n\r\n<li>Czesne \u2013 750 z\u0142 miesi\u0119cznie niezmieniaj\u0105ce si\u0119 w ci\u0105gu roku szkolnego, p\u0142atne do dn. 10 ka\u017cdego miesi\u0105ca (bez wakacji). Czesne nie ulegnie zmianie w toku nauki.\u00a0 Kwota 750 z\u0142 dotyczy r\u00f3wnie\u017c klasy maturalnej p\u0142atnej przez 10 miesi\u0119cy.<\/li>\r\n\r\n\r\n\r\n<li>Wpisowe \u2013 750 z\u0142<\/li>\r\n<\/ul>\r\n\r\n\r\n\r\n<p class=\"has-text-align-center has-vivid-cyan-blue-color has-text-color has-medium-font-size\"><strong>ZASADY REKRUTACJ<\/strong>I<\/p>\r\n\r\n\r\n\r\n<p class=\"has-text-align-left has-black-color has-text-color\" style=\"font-size: 17px;\"><br \/>Przy przyj\u0119ciu do szko\u0142y b\u0119d\u0105 brane pod uwag\u0119 nast\u0119puj\u0105ce oceny:<br \/>\u2666 \u015brednia ocen na \u015bwiadectwie z kl. VIII SP<br \/>\u2666 oceny ko\u0144cowe z j. polskiego i z 3 wybranych przez kandydata przedmiot\u00f3w kierunkowych<br \/>\u2666 ocena z zachowania,<br \/>\u2666 wyniki egzamin\u00f3w \u00f3smoklasisty<\/p>\r\n\r\n\r\n\r\n<p style=\"font-size: 17px;\"><br \/>Do szko\u0142y przyjmowane b\u0119d\u0105 osoby w kolejno\u015bci z najwy\u017csz\u0105 liczb\u0105 zebranych punkt\u00f3w w drodze post\u0119powania kwalifikacyjnego.<\/p>\r\n\r\n\r\n\r\n<p style=\"font-size: 17px;\">Uczniowie Niepublicznej Szko\u0142y Podstawowej Klucz w\u00a0przypadku\u00a0r\u00f3wnej ilo\u015bci punkt\u00f3w\u00a0maj\u0105 pierwsze\u0144stwo przy rekrutacji.<br \/>Ilo\u015b\u0107 oferowanych miejsc dla kandydat\u00f3w do kl. I na rok szk. 2026\/2027 \u2013 20 os\u00f3b.<\/p>\r\n\r\n\r\n\r\n<p style=\"font-size: 17px;\">\u00a0<\/p>\r\n\r\n\r\n\r\n<p style=\"font-size: 17px;\">Przyjmowanie poda\u0144 o przyj\u0119cie do klasy pierwszej liceum odbywa\u0107 si\u0119 b\u0119dzie w dniach od 1 marca 2026 r.<br \/>Dokumenty niezb\u0119dne przy przyj\u0119ciu do szko\u0142y:<\/p>\r\n\r\n\r\n\r\n<ol class=\"wp-block-list\">\r\n<li style=\"font-size: 17px;\">orygina\u0142 \u015bwiadectwa uko\u0144czenia szko\u0142y podstawowej,<\/li>\r\n\r\n\r\n\r\n<li style=\"font-size: 17px;\">orygina\u0142 za\u015bwiadczenia o wynikach egzaminu \u00f3smoklasisty,<\/li>\r\n\r\n\r\n\r\n<li style=\"font-size: 17px;\">karta zdrowia i karta szczepie\u0144,<\/li>\r\n\r\n\r\n\r\n<li style=\"font-size: 17px;\">posiadane za\u015bwiadczenia o szczeg\u00f3lnych osi\u0105gni\u0119ciach ucznia,<\/li>\r\n\r\n\r\n\r\n<li style=\"font-size: 17px;\">posiadane opinie poradni psychologiczno -pedagogicznej,<\/li>\r\n\r\n\r\n\r\n<li style=\"font-size: 17px;\">3 fotografie<\/li>\r\n<\/ol>\r\n\r\n\r\n\r\n<h2 class=\"wp-block-heading has-text-align-center has-vivid-cyan-blue-color has-text-color has-medium-font-size\">TERMINY:<\/h2>\r\n\r\n\r\n\r\n<ul class=\"has-small-font-size wp-block-list\">\r\n<li style=\"font-size: 17px;\">Dostarczenie orygina\u0142\u00f3w dokument\u00f3w &#8211; <strong>do 30 czerwca 2026 r.<\/strong><\/li>\r\n\r\n\r\n\r\n<li style=\"font-size: 17px;\">Dostarczenie za\u015bwiadczenia o wynikach egzaminu \u00f3smoklasisty &#8211; <strong>do 3 lipca 2026\u00a0 r.<\/strong><\/li>\r\n\r\n\r\n\r\n<li style=\"font-size: 17px;\">Og\u0142oszenie listy kandydat\u00f3w przyj\u0119tych do liceum &#8211; <strong>do 7 lipca 2026 r.\u00a0<\/strong><\/li>\r\n<\/ul>\r\n\r\n\r\n\r\n<p>&nbsp;<\/p>\r\n\r\n\r\n\r\n<h3 class=\"has-text-align-left\"><a href=\"http:\/\/loketrzyn.pl\/pub\/lo4.docx\" target=\"_blank\" rel=\"noreferrer noopener\"><strong>Podanie do Liceum<\/strong><\/a><\/h3>\r\n","protected":false},"excerpt":{"rendered":"<p>NASZA SZKO\u0141A ZAPEWNIA: ZASADY REKRUTACJI Przy przyj\u0119ciu do szko\u0142y b\u0119d\u0105 brane pod uwag\u0119 nast\u0119puj\u0105ce oceny:\u2666 \u015brednia ocen na \u015bwiadectwie z kl. VIII SP\u2666 oceny ko\u0144cowe z j. polskiego i z 3 wybranych przez kandydata przedmiot\u00f3w kierunkowych\u2666 ocena z zachowania,\u2666 wyniki egzamin\u00f3w \u00f3smoklasisty Do szko\u0142y przyjmowane b\u0119d\u0105 osoby w kolejno\u015bci z najwy\u017csz\u0105 liczb\u0105 zebranych punkt\u00f3w w&hellip;<\/p>\n","protected":false},"author":2,"featured_media":0,"parent":0,"menu_order":0,"comment_status":"closed","ping_status":"closed","template":"","meta":{"footnotes":""},"class_list":["post-35","page","type-page","status-publish","hentry"],"_links":{"self":[{"href":"http:\/\/loketrzyn.pl\/index.php\/wp-json\/wp\/v2\/pages\/35","targetHints":{"allow":["GET"]}}],"collection":[{"href":"http:\/\/loketrzyn.pl\/index.php\/wp-json\/wp\/v2\/pages"}],"about":[{"href":"http:\/\/loketrzyn.pl\/index.php\/wp-json\/wp\/v2\/types\/page"}],"author":[{"embeddable":true,"href":"http:\/\/loketrzyn.pl\/index.php\/wp-json\/wp\/v2\/users\/2"}],"replies":[{"embeddable":true,"href":"http:\/\/loketrzyn.pl\/index.php\/wp-json\/wp\/v2\/comments?post=35"}],"version-history":[{"count":14,"href":"http:\/\/loketrzyn.pl\/index.php\/wp-json\/wp\/v2\/pages\/35\/revisions"}],"predecessor-version":[{"id":788,"href":"http:\/\/loketrzyn.pl\/index.php\/wp-json\/wp\/v2\/pages\/35\/revisions\/788"}],"wp:attachment":[{"href":"http:\/\/loketrzyn.pl\/index.php\/wp-json\/wp\/v2\/media?parent=35"}],"curies":[{"name":"wp","href":"https:\/\/api.w.org\/{rel}","templated":true}]}}